{"id":38,"date":"2022-05-27T12:39:31","date_gmt":"2022-05-27T17:39:31","guid":{"rendered":"https:\/\/www.comunidad.unam.mx\/?page_id=38"},"modified":"2025-06-03T17:07:45","modified_gmt":"2025-06-03T23:07:45","slug":"software-unam","status":"publish","type":"page","link":"https:\/\/www.comunidad.unam.mx\/","title":{"rendered":"Correo comunidad"},"content":{"rendered":"<p>[et_pb_section fb_built=&#8221;1&#8243; _builder_version=&#8221;4.17.4&#8243; _module_preset=&#8221;default&#8221; custom_padding=&#8221;45px|||||&#8221; global_colors_info=&#8221;{}&#8221;][et_pb_row _builder_version=&#8221;4.17.4&#8243; _module_preset=&#8221;default&#8221; custom_margin=&#8221;-15px|auto||auto||&#8221; global_colors_info=&#8221;{}&#8221;][et_pb_column type=&#8221;4_4&#8243; _builder_version=&#8221;4.17.4&#8243; _module_preset=&#8221;default&#8221; global_colors_info=&#8221;{}&#8221;][et_pb_image src=&#8221;https:\/\/www.comunidad.unam.mx\/wp-content\/uploads\/2022\/06\/banner-comunidad2.png&#8221; title_text=&#8221;banner-comunidad2&#8243; _builder_version=&#8221;4.17.4&#8243; _module_preset=&#8221;default&#8221; global_colors_info=&#8221;{}&#8221;][\/et_pb_image][\/et_pb_column][\/et_pb_row][et_pb_row _builder_version=&#8221;4.17.4&#8243; _module_preset=&#8221;default&#8221; global_colors_info=&#8221;{}&#8221;][et_pb_column type=&#8221;4_4&#8243; _builder_version=&#8221;4.17.4&#8243; _module_preset=&#8221;default&#8221; global_colors_info=&#8221;{}&#8221;][et_pb_code _builder_version=&#8221;4.17.4&#8243; _module_preset=&#8221;default&#8221; text_orientation=&#8221;center&#8221; global_colors_info=&#8221;{}&#8221;]<!-- mibew button --><a id=\"mibew-agent-button\" href=\"https:\/\/www.chat.unam.mx\/chats\/mibew\/chat?locale=es\" target=\"_blank\" onclick=\"Mibew.Objects.ChatPopups['606b599a653d5a10'].open();return false;\" rel=\"noopener\"><img decoding=\"async\" src=\"https:\/\/www.chat.unam.mx\/chats\/mibew\/b?i=tic&#038;lang=es\" border=\"0\" alt=\"\" \/><\/a><script type=\"text\/javascript\" src=\"https:\/\/www.chat.unam.mx\/chats\/mibew\/js\/compiled\/chat_popup.js\"><\/script><script type=\"text\/javascript\">Mibew.ChatPopup.init({\"id\":\"606b599a653d5a10\",\"url\":\"https:\\\/\\\/www.chat.unam.mx\\\/chats\\\/mibew\\\/chat?locale=es\",\"preferIFrame\":false,\"modSecurity\":false,\"forceSecure\":false,\"style\":\"\",\"width\":640,\"height\":480,\"resizable\":true,\"styleLoader\":\"https:\\\/\\\/www.chat.unam.mx\\\/chats\\\/mibew\\\/chat\\\/style\\\/popup\"});<\/script><!-- \/ mibew button --><!-- [et_pb_line_break_holder] -->[\/et_pb_code][\/et_pb_column][\/et_pb_row][et_pb_row _builder_version=&#8221;4.17.4&#8243; _module_preset=&#8221;default&#8221; custom_margin=&#8221;39px|auto|5px|auto||&#8221; custom_padding=&#8221;17px||0px|||&#8221; global_colors_info=&#8221;{}&#8221;][et_pb_column type=&#8221;4_4&#8243; _builder_version=&#8221;4.17.4&#8243; _module_preset=&#8221;default&#8221; global_colors_info=&#8221;{}&#8221;][et_pb_text _builder_version=&#8221;4.17.4&#8243; _module_preset=&#8221;default&#8221; header_font_size=&#8221;50px&#8221; custom_margin=&#8221;||6px|||&#8221; custom_padding=&#8221;||1px|||&#8221; global_colors_info=&#8221;{}&#8221;]<\/p>\n<h1 style=\"text-align: center;\"><span style=\"color: #0c71c3; font-size: xx-large;\"><strong>Correo electr\u00f3nico @comunidad.unam.mx<\/strong><\/span><\/h1>\n<p style=\"text-align: center;\"><a href=\"https:\/\/mail.office365.com\"><span style=\"color: #0c71c3; font-size: xx-large;\"><strong>Iniciar Sesi\u00f3n<\/strong><\/span><\/a><\/p>\n<p><span style=\"color: #0c71c3; font-size: xx-large;\"><strong><\/strong><\/span><\/p>\n<p><span style=\"color: #0c71c3; font-size: xx-large;\"><strong><\/strong><\/span><\/p>\n<p><span style=\"color: #0c71c3; font-size: xx-large;\"><strong><\/strong><\/span><\/p>\n<p><span style=\"color: #0c71c3; font-size: xx-large;\"><strong><\/strong><\/span><\/p>\n<p><span style=\"color: #0c71c3; font-size: xx-large;\"><strong><\/strong><\/span><\/p>\n<p>[\/et_pb_text][et_pb_text _builder_version=&#8221;4.17.4&#8243; _module_preset=&#8221;default&#8221; header_font_size=&#8221;50px&#8221; custom_margin=&#8221;||6px|||&#8221; custom_padding=&#8221;||1px|||&#8221; global_colors_info=&#8221;{}&#8221;]<\/p>\n<h1 style=\"text-align: center;\"><span style=\"color: #058277; font-size: xx-large;\"><strong>Correo electr\u00f3nico @unam.edu<\/strong><\/span><\/h1>\n<p style=\"text-align: center;\"><span style=\"color: #0c71c3; font-size: xx-large;\"><strong><a href=\"https:\/\/www.gmail.com\"><span style=\"color: #178d91;\">Iniciar Sesi\u00f3n<\/span><\/a>\u00a0<\/strong><\/span><\/p>\n<p>[\/et_pb_text][\/et_pb_column][\/et_pb_row][et_pb_row _builder_version=&#8221;4.17.4&#8243; _module_preset=&#8221;default&#8221; custom_padding=&#8221;0px|||||&#8221; global_colors_info=&#8221;{}&#8221;][et_pb_column type=&#8221;4_4&#8243; _builder_version=&#8221;4.17.4&#8243; _module_preset=&#8221;default&#8221; global_colors_info=&#8221;{}&#8221;][et_pb_text _builder_version=&#8221;4.17.4&#8243; _module_preset=&#8221;default&#8221; text_font_size=&#8221;18px&#8221; text_line_height=&#8221;1.8em&#8221; custom_margin=&#8221;|0px||0px|false|false&#8221; global_colors_info=&#8221;{}&#8221;]<\/p>\n<p>&nbsp;<\/p>\n<p><span><strong>Pol\u00edticas de uso de Microsoft 365<\/strong><\/span><\/p>\n<p><span><a href=\"https:\/\/www.microsoft.com\/en-us\/servicesagreement\/\" target=\"_blank\" rel=\"noopener\">\u00a0<\/a><\/span><span><a href=\"https:\/\/www.microsoft.com\/en-us\/servicesagreement\/\" target=\"_blank\" rel=\"noopener\">Contrato de servicios de Microsoft<\/a><\/span><\/p>\n<p><span>\u00a0<\/span><span>Cualquier software que la comunidad de la UNAM pueda usar o descargar por ser usuario de correo @unam.mx, @unam.edu o @comunidad.unam.mx es intransferible e innegociable.<\/span><\/p>\n<p>[\/et_pb_text][\/et_pb_column][\/et_pb_row][\/et_pb_section]<\/p>\n","protected":false},"excerpt":{"rendered":"<p>Correo electr\u00f3nico @comunidad.unam.mx Iniciar Sesi\u00f3n Correo electr\u00f3nico @unam.edu Iniciar Sesi\u00f3n\u00a0&nbsp; Pol\u00edticas de uso de Microsoft 365 \u00a0Contrato de servicios de Microsoft \u00a0Cualquier software que la comunidad de la UNAM pueda usar o descargar por ser usuario de correo @unam.mx, @unam.edu o @comunidad.unam.mx es intransferible e innegociable.<\/p>\n","protected":false},"author":1,"featured_media":0,"parent":0,"menu_order":0,"comment_status":"closed","ping_status":"closed","template":"","meta":{"_et_pb_use_builder":"on","_et_pb_old_content":"","_et_gb_content_width":"","_monsterinsights_skip_tracking":false,"_monsterinsights_sitenote_active":false,"_monsterinsights_sitenote_note":"","_monsterinsights_sitenote_category":0,"footnotes":""},"class_list":["post-38","page","type-page","status-publish","hentry"],"yoast_head":"<!-- This site is optimized with the Yoast SEO plugin v20.10 - https:\/\/yoast.com\/wordpress\/plugins\/seo\/ -->\n<title>Correo comunidad - comunidad<\/title>\n<meta name=\"robots\" content=\"index, follow, max-snippet:-1, max-image-preview:large, max-video-preview:-1\" \/>\n<link rel=\"canonical\" href=\"https:\/\/www.comunidad.unam.mx\/\" \/>\n<meta property=\"og:locale\" content=\"es_MX\" \/>\n<meta property=\"og:type\" content=\"article\" \/>\n<meta property=\"og:title\" content=\"Correo comunidad - comunidad\" \/>\n<meta property=\"og:description\" content=\"Correo electr\u00f3nico @comunidad.unam.mx Iniciar Sesi\u00f3n Correo electr\u00f3nico @unam.edu Iniciar Sesi\u00f3n\u00a0&nbsp; Pol\u00edticas de uso de Microsoft 365 \u00a0Contrato de servicios de Microsoft \u00a0Cualquier software que la comunidad de la UNAM pueda usar o descargar por ser usuario de correo @unam.mx, @unam.edu o @comunidad.unam.mx es intransferible e innegociable.\" \/>\n<meta property=\"og:url\" content=\"https:\/\/www.comunidad.unam.mx\/\" \/>\n<meta property=\"og:site_name\" content=\"comunidad\" \/>\n<meta property=\"article:modified_time\" content=\"2025-06-03T23:07:45+00:00\" \/>\n<meta property=\"og:image\" content=\"https:\/\/www.chat.unam.mx\/chats\/mibew\/b?i=tic&#038;lang=es\" \/>\n<meta name=\"twitter:card\" content=\"summary_large_image\" \/>\n<meta name=\"twitter:label1\" content=\"Tiempo de lectura\" \/>\n\t<meta name=\"twitter:data1\" content=\"2 minutos\" \/>\n<script type=\"application\/ld+json\" class=\"yoast-schema-graph\">{\"@context\":\"https:\/\/schema.org\",\"@graph\":[{\"@type\":\"WebPage\",\"@id\":\"https:\/\/www.comunidad.unam.mx\/\",\"url\":\"https:\/\/www.comunidad.unam.mx\/\",\"name\":\"Correo comunidad - comunidad\",\"isPartOf\":{\"@id\":\"https:\/\/www.comunidad.unam.mx\/#website\"},\"datePublished\":\"2022-05-27T17:39:31+00:00\",\"dateModified\":\"2025-06-03T23:07:45+00:00\",\"breadcrumb\":{\"@id\":\"https:\/\/www.comunidad.unam.mx\/#breadcrumb\"},\"inLanguage\":\"es\",\"potentialAction\":[{\"@type\":\"ReadAction\",\"target\":[\"https:\/\/www.comunidad.unam.mx\/\"]}]},{\"@type\":\"BreadcrumbList\",\"@id\":\"https:\/\/www.comunidad.unam.mx\/#breadcrumb\",\"itemListElement\":[{\"@type\":\"ListItem\",\"position\":1,\"name\":\"Portada\",\"item\":\"https:\/\/www.comunidad.unam.mx\/\"},{\"@type\":\"ListItem\",\"position\":2,\"name\":\"Correo comunidad\"}]},{\"@type\":\"WebSite\",\"@id\":\"https:\/\/www.comunidad.unam.mx\/#website\",\"url\":\"https:\/\/www.comunidad.unam.mx\/\",\"name\":\"comunidad\",\"description\":\"@comunidad.unam.mx\",\"potentialAction\":[{\"@type\":\"SearchAction\",\"target\":{\"@type\":\"EntryPoint\",\"urlTemplate\":\"https:\/\/www.comunidad.unam.mx\/?s={search_term_string}\"},\"query-input\":\"required name=search_term_string\"}],\"inLanguage\":\"es\"}]}<\/script>\n<!-- \/ Yoast SEO plugin. -->","yoast_head_json":{"title":"Correo comunidad - comunidad","robots":{"index":"index","follow":"follow","max-snippet":"max-snippet:-1","max-image-preview":"max-image-preview:large","max-video-preview":"max-video-preview:-1"},"canonical":"https:\/\/www.comunidad.unam.mx\/","og_locale":"es_MX","og_type":"article","og_title":"Correo comunidad - comunidad","og_description":"Correo electr\u00f3nico @comunidad.unam.mx Iniciar Sesi\u00f3n Correo electr\u00f3nico @unam.edu Iniciar Sesi\u00f3n\u00a0&nbsp; Pol\u00edticas de uso de Microsoft 365 \u00a0Contrato de servicios de Microsoft \u00a0Cualquier software que la comunidad de la UNAM pueda usar o descargar por ser usuario de correo @unam.mx, @unam.edu o @comunidad.unam.mx es intransferible e innegociable.","og_url":"https:\/\/www.comunidad.unam.mx\/","og_site_name":"comunidad","article_modified_time":"2025-06-03T23:07:45+00:00","og_image":[{"url":"https:\/\/www.chat.unam.mx\/chats\/mibew\/b?i=tic&#038;lang=es"}],"twitter_card":"summary_large_image","twitter_misc":{"Tiempo de lectura":"2 minutos"},"schema":{"@context":"https:\/\/schema.org","@graph":[{"@type":"WebPage","@id":"https:\/\/www.comunidad.unam.mx\/","url":"https:\/\/www.comunidad.unam.mx\/","name":"Correo comunidad - comunidad","isPartOf":{"@id":"https:\/\/www.comunidad.unam.mx\/#website"},"datePublished":"2022-05-27T17:39:31+00:00","dateModified":"2025-06-03T23:07:45+00:00","breadcrumb":{"@id":"https:\/\/www.comunidad.unam.mx\/#breadcrumb"},"inLanguage":"es","potentialAction":[{"@type":"ReadAction","target":["https:\/\/www.comunidad.unam.mx\/"]}]},{"@type":"BreadcrumbList","@id":"https:\/\/www.comunidad.unam.mx\/#breadcrumb","itemListElement":[{"@type":"ListItem","position":1,"name":"Portada","item":"https:\/\/www.comunidad.unam.mx\/"},{"@type":"ListItem","position":2,"name":"Correo comunidad"}]},{"@type":"WebSite","@id":"https:\/\/www.comunidad.unam.mx\/#website","url":"https:\/\/www.comunidad.unam.mx\/","name":"comunidad","description":"@comunidad.unam.mx","potentialAction":[{"@type":"SearchAction","target":{"@type":"EntryPoint","urlTemplate":"https:\/\/www.comunidad.unam.mx\/?s={search_term_string}"},"query-input":"required name=search_term_string"}],"inLanguage":"es"}]}},"_links":{"self":[{"href":"https:\/\/www.comunidad.unam.mx\/index.php?rest_route=\/wp\/v2\/pages\/38","targetHints":{"allow":["GET"]}}],"collection":[{"href":"https:\/\/www.comunidad.unam.mx\/index.php?rest_route=\/wp\/v2\/pages"}],"about":[{"href":"https:\/\/www.comunidad.unam.mx\/index.php?rest_route=\/wp\/v2\/types\/page"}],"author":[{"embeddable":true,"href":"https:\/\/www.comunidad.unam.mx\/index.php?rest_route=\/wp\/v2\/users\/1"}],"replies":[{"embeddable":true,"href":"https:\/\/www.comunidad.unam.mx\/index.php?rest_route=%2Fwp%2Fv2%2Fcomments&post=38"}],"version-history":[{"count":50,"href":"https:\/\/www.comunidad.unam.mx\/index.php?rest_route=\/wp\/v2\/pages\/38\/revisions"}],"predecessor-version":[{"id":412,"href":"https:\/\/www.comunidad.unam.mx\/index.php?rest_route=\/wp\/v2\/pages\/38\/revisions\/412"}],"wp:attachment":[{"href":"https:\/\/www.comunidad.unam.mx\/index.php?rest_route=%2Fwp%2Fv2%2Fmedia&parent=38"}],"curies":[{"name":"wp","href":"https:\/\/api.w.org\/{rel}","templated":true}]}}